{"id":56,"date":"2020-06-07T21:52:55","date_gmt":"2020-06-07T19:52:55","guid":{"rendered":"https:\/\/bridge370.qodeinteractive.com\/?page_id=56"},"modified":"2025-09-10T14:17:34","modified_gmt":"2025-09-10T12:17:34","slug":"kontakt","status":"publish","type":"page","link":"https:\/\/mv-dipperz.de\/index.php\/kontakt\/","title":{"rendered":"Kontakt"},"content":{"rendered":"\t\t<div data-elementor-type=\"wp-page\" data-elementor-id=\"56\" class=\"elementor elementor-56\">\n\t\t\t\t\t\t<section class=\"elementor-section elementor-top-section elementor-element elementor-element-2d7f5f3 elementor-section-boxed elementor-section-height-default elementor-section-height-default parallax_section_no qode_elementor_container_no\" data-id=\"2d7f5f3\" data-element_type=\"section\" data-e-type=\"section\">\n\t\t\t\t\t\t<div class=\"elementor-container elementor-column-gap-default\">\n\t\t\t\t\t<div class=\"elementor-column elementor-col-100 elementor-top-column elementor-element elementor-element-d3be040\" data-id=\"d3be040\" data-element_type=\"column\" data-e-type=\"column\">\n\t\t\t<div class=\"elementor-widget-wrap elementor-element-populated\">\n\t\t\t\t\t\t<div class=\"elementor-element elementor-element-681c872 elementor-widget elementor-widget-heading\" data-id=\"681c872\" data-element_type=\"widget\" data-e-type=\"widget\" data-widget_type=\"heading.default\">\n\t\t\t\t<div class=\"elementor-widget-container\">\n\t\t\t\t\t<h1 class=\"elementor-heading-title elementor-size-default\">Kontakt<\/h1>\t\t\t\t<\/div>\n\t\t\t\t<\/div>\n\t\t\t\t<div class=\"elementor-element elementor-element-ca9c342 elementor-widget elementor-widget-spacer\" data-id=\"ca9c342\" data-element_type=\"widget\" data-e-type=\"widget\" data-widget_type=\"spacer.default\">\n\t\t\t\t<div class=\"elementor-widget-container\">\n\t\t\t\t\t\t\t<div class=\"elementor-spacer\">\n\t\t\t<div class=\"elementor-spacer-inner\"><\/div>\n\t\t<\/div>\n\t\t\t\t\t\t<\/div>\n\t\t\t\t<\/div>\n\t\t\t\t<section class=\"elementor-section elementor-inner-section elementor-element elementor-element-2cc76a6 elementor-section-boxed elementor-section-height-default elementor-section-height-default parallax_section_no qode_elementor_container_no\" data-id=\"2cc76a6\" data-element_type=\"section\" data-e-type=\"section\">\n\t\t\t\t\t\t<div class=\"elementor-container elementor-column-gap-wider\">\n\t\t\t\t\t<div class=\"elementor-column elementor-col-50 elementor-inner-column elementor-element elementor-element-d2e12c1\" data-id=\"d2e12c1\" data-element_type=\"column\" data-e-type=\"column\">\n\t\t\t<div class=\"elementor-widget-wrap elementor-element-populated\">\n\t\t\t\t\t\t<div class=\"elementor-element elementor-element-79b03ca elementor-widget elementor-widget-heading\" data-id=\"79b03ca\" data-element_type=\"widget\" data-e-type=\"widget\" data-widget_type=\"heading.default\">\n\t\t\t\t<div class=\"elementor-widget-container\">\n\t\t\t\t\t<h5 class=\"elementor-heading-title elementor-size-default\">Buchungsanfrage<\/h5>\t\t\t\t<\/div>\n\t\t\t\t<\/div>\n\t\t\t\t<div class=\"elementor-element elementor-element-16bc826 elementor-widget elementor-widget-spacer\" data-id=\"16bc826\" data-element_type=\"widget\" data-e-type=\"widget\" data-widget_type=\"spacer.default\">\n\t\t\t\t<div class=\"elementor-widget-container\">\n\t\t\t\t\t\t\t<div class=\"elementor-spacer\">\n\t\t\t<div class=\"elementor-spacer-inner\"><\/div>\n\t\t<\/div>\n\t\t\t\t\t\t<\/div>\n\t\t\t\t<\/div>\n\t\t\t\t<div class=\"elementor-element elementor-element-e7e1839 elementor-widget elementor-widget-image\" data-id=\"e7e1839\" data-element_type=\"widget\" data-e-type=\"widget\" data-widget_type=\"image.default\">\n\t\t\t\t<div class=\"elementor-widget-container\">\n\t\t\t\t\t\t\t\t\t\t\t\t\t\t\t<img fetchpriority=\"high\" decoding=\"async\" width=\"767\" height=\"549\" src=\"https:\/\/mv-dipperz.de\/wp-content\/uploads\/2023\/09\/MV-Dipperz_Anfrage.jpg\" class=\"attachment-large size-large wp-image-373\" alt=\"\" srcset=\"https:\/\/mv-dipperz.de\/wp-content\/uploads\/2023\/09\/MV-Dipperz_Anfrage.jpg 767w, https:\/\/mv-dipperz.de\/wp-content\/uploads\/2023\/09\/MV-Dipperz_Anfrage-300x215.jpg 300w, https:\/\/mv-dipperz.de\/wp-content\/uploads\/2023\/09\/MV-Dipperz_Anfrage-700x501.jpg 700w\" sizes=\"(max-width: 767px) 100vw, 767px\" \/>\t\t\t\t\t\t\t\t\t\t\t\t\t\t\t<\/div>\n\t\t\t\t<\/div>\n\t\t\t\t<div class=\"elementor-element elementor-element-136b915 elementor-widget elementor-widget-text-editor\" data-id=\"136b915\" data-element_type=\"widget\" data-e-type=\"widget\" data-widget_type=\"text-editor.default\">\n\t\t\t\t<div class=\"elementor-widget-container\">\n\t\t\t\t\t\t\t\t\t<p style=\"text-align: center;\">Buchungsanfragen k\u00f6nnen gerne direkt an unseren Vorstand gestellt werden:<\/p><p style=\"text-align: center;\">\u00a0<\/p><p style=\"text-align: center;\">Peter Goldbach<br \/>Telefon: <a href=\"tel:+4966576195\">06657 \/ 6195<\/a><br \/>E-Mail: <a href=\"mailto:info@mv-dipperz.de\">info@mv-dipperz.de<\/a><\/p>\t\t\t\t\t\t\t\t<\/div>\n\t\t\t\t<\/div>\n\t\t\t\t\t<\/div>\n\t\t<\/div>\n\t\t\t\t<div class=\"elementor-column elementor-col-50 elementor-inner-column elementor-element elementor-element-c06b42f\" data-id=\"c06b42f\" data-element_type=\"column\" data-e-type=\"column\">\n\t\t\t<div class=\"elementor-widget-wrap elementor-element-populated\">\n\t\t\t\t\t\t<div class=\"elementor-element elementor-element-c989914 elementor-widget elementor-widget-heading\" data-id=\"c989914\" data-element_type=\"widget\" data-e-type=\"widget\" data-widget_type=\"heading.default\">\n\t\t\t\t<div class=\"elementor-widget-container\">\n\t\t\t\t\t<h5 class=\"elementor-heading-title elementor-size-default\">Interessierte<\/h5>\t\t\t\t<\/div>\n\t\t\t\t<\/div>\n\t\t\t\t<div class=\"elementor-element elementor-element-bc52916 elementor-widget elementor-widget-spacer\" data-id=\"bc52916\" data-element_type=\"widget\" data-e-type=\"widget\" data-widget_type=\"spacer.default\">\n\t\t\t\t<div class=\"elementor-widget-container\">\n\t\t\t\t\t\t\t<div class=\"elementor-spacer\">\n\t\t\t<div class=\"elementor-spacer-inner\"><\/div>\n\t\t<\/div>\n\t\t\t\t\t\t<\/div>\n\t\t\t\t<\/div>\n\t\t\t\t<div class=\"elementor-element elementor-element-f71a9b0 elementor-widget elementor-widget-image\" data-id=\"f71a9b0\" data-element_type=\"widget\" data-e-type=\"widget\" data-widget_type=\"image.default\">\n\t\t\t\t<div class=\"elementor-widget-container\">\n\t\t\t\t\t\t\t\t\t\t\t\t\t\t\t<img decoding=\"async\" width=\"767\" height=\"549\" src=\"https:\/\/mv-dipperz.de\/wp-content\/uploads\/2023\/09\/MV-Dipperz_Interessierte.jpg\" class=\"attachment-large size-large wp-image-374\" alt=\"\" srcset=\"https:\/\/mv-dipperz.de\/wp-content\/uploads\/2023\/09\/MV-Dipperz_Interessierte.jpg 767w, https:\/\/mv-dipperz.de\/wp-content\/uploads\/2023\/09\/MV-Dipperz_Interessierte-300x215.jpg 300w, https:\/\/mv-dipperz.de\/wp-content\/uploads\/2023\/09\/MV-Dipperz_Interessierte-700x501.jpg 700w\" sizes=\"(max-width: 767px) 100vw, 767px\" \/>\t\t\t\t\t\t\t\t\t\t\t\t\t\t\t<\/div>\n\t\t\t\t<\/div>\n\t\t\t\t<div class=\"elementor-element elementor-element-1d8be6a elementor-widget elementor-widget-text-editor\" data-id=\"1d8be6a\" data-element_type=\"widget\" data-e-type=\"widget\" data-widget_type=\"text-editor.default\">\n\t\t\t\t<div class=\"elementor-widget-container\">\n\t\t\t\t\t\t\t\t\t<p style=\"text-align: center;\">F\u00fcr Interessierte, die selbst Musik spielen m\u00f6chten: Unsere Proben finden <strong>dienstags von 20 &#8211; 22 Uhr <\/strong>im B\u00fcrgerhaus Dipperz statt. F\u00fcr Nachwuchsmusiker bieten wir zudem Unterricht am Instrument an.<\/p><p>\u00a0<\/p><p style=\"text-align: center;\">Wir freuen uns \u00fcber neue Gesichter.<\/p>\t\t\t\t\t\t\t\t<\/div>\n\t\t\t\t<\/div>\n\t\t\t\t\t<\/div>\n\t\t<\/div>\n\t\t\t\t\t<\/div>\n\t\t<\/section>\n\t\t\t\t<section class=\"elementor-section elementor-inner-section elementor-element elementor-element-024cb2a elementor-section-boxed elementor-section-height-default elementor-section-height-default parallax_section_no qode_elementor_container_no\" data-id=\"024cb2a\" data-element_type=\"section\" data-e-type=\"section\">\n\t\t\t\t\t\t<div class=\"elementor-container elementor-column-gap-wider\">\n\t\t\t\t\t<div class=\"elementor-column elementor-col-100 elementor-inner-column elementor-element elementor-element-a6c1d80\" data-id=\"a6c1d80\" data-element_type=\"column\" data-e-type=\"column\">\n\t\t\t<div class=\"elementor-widget-wrap elementor-element-populated\">\n\t\t\t\t\t\t<div class=\"elementor-element elementor-element-1b2fe17 elementor-widget elementor-widget-heading\" data-id=\"1b2fe17\" data-element_type=\"widget\" data-e-type=\"widget\" data-widget_type=\"heading.default\">\n\t\t\t\t<div class=\"elementor-widget-container\">\n\t\t\t\t\t<h5 class=\"elementor-heading-title elementor-size-default\">Aktive oder passive Mitgliedschaft<\/h5>\t\t\t\t<\/div>\n\t\t\t\t<\/div>\n\t\t\t\t<div class=\"elementor-element elementor-element-389d2b0 elementor-widget elementor-widget-spacer\" data-id=\"389d2b0\" data-element_type=\"widget\" data-e-type=\"widget\" data-widget_type=\"spacer.default\">\n\t\t\t\t<div class=\"elementor-widget-container\">\n\t\t\t\t\t\t\t<div class=\"elementor-spacer\">\n\t\t\t<div class=\"elementor-spacer-inner\"><\/div>\n\t\t<\/div>\n\t\t\t\t\t\t<\/div>\n\t\t\t\t<\/div>\n\t\t\t\t<div class=\"elementor-element elementor-element-c1df9ef elementor-widget elementor-widget-text-editor\" data-id=\"c1df9ef\" data-element_type=\"widget\" data-e-type=\"widget\" data-widget_type=\"text-editor.default\">\n\t\t\t\t<div class=\"elementor-widget-container\">\n\t\t\t\t\t\t\t\t\t<p style=\"text-align: center;\">Du willst aktiv unserem Verein beitreten, oder denkst \u00fcber eine passive Mitgliedschaft nach?<\/p><p style=\"text-align: center;\">Hier geht&#8217;s zu unserem <a href=\"https:\/\/1drv.ms\/b\/c\/d4efcc8092f300ce\/EQMYoQqbrwFAu7PKJb2gnw8B99O_Fjhts21_ps_WcS8wog?e=FSKjdr\" target=\"_blank\" rel=\"noopener\">Antragsformular.<\/a> Einfach ausf\u00fcllen und per Post an uns senden.<\/p><p style=\"text-align: center;\">Oder ganz einfach bei jedem aktiven Mitglied abgeben.<\/p>\t\t\t\t\t\t\t\t<\/div>\n\t\t\t\t<\/div>\n\t\t\t\t<div class=\"elementor-element elementor-element-b0baa13 elementor-widget elementor-widget-image\" data-id=\"b0baa13\" data-element_type=\"widget\" data-e-type=\"widget\" data-widget_type=\"image.default\">\n\t\t\t\t<div class=\"elementor-widget-container\">\n\t\t\t\t\t\t\t\t\t\t\t\t\t\t\t\t<a href=\"https:\/\/1drv.ms\/b\/c\/d4efcc8092f300ce\/EQMYoQqbrwFAu7PKJb2gnw8B99O_Fjhts21_ps_WcS8wog?e=FSKjdr\" target=\"_blank\">\n\t\t\t\t\t\t\t<img decoding=\"async\" width=\"150\" height=\"150\" src=\"https:\/\/mv-dipperz.de\/wp-content\/uploads\/2025\/09\/icon_formular-150x150.png\" class=\"attachment-thumbnail size-thumbnail wp-image-1441\" alt=\"\" \/>\t\t\t\t\t\t\t\t<\/a>\n\t\t\t\t\t\t\t\t\t\t\t\t\t\t\t<\/div>\n\t\t\t\t<\/div>\n\t\t\t\t<div class=\"elementor-element elementor-element-8bff315 elementor-widget elementor-widget-text-editor\" data-id=\"8bff315\" data-element_type=\"widget\" data-e-type=\"widget\" data-widget_type=\"text-editor.default\">\n\t\t\t\t<div class=\"elementor-widget-container\">\n\t\t\t\t\t\t\t\t\t<p style=\"text-align: center;\">Musikverein Dipperz-Rh\u00f6n e.V.<\/p><p style=\"text-align: center;\">Birkenweg 6<\/p><p style=\"text-align: center;\">36160 Dipperz<\/p>\t\t\t\t\t\t\t\t<\/div>\n\t\t\t\t<\/div>\n\t\t\t\t\t<\/div>\n\t\t<\/div>\n\t\t\t\t\t<\/div>\n\t\t<\/section>\n\t\t\t\t\t<\/div>\n\t\t<\/div>\n\t\t\t\t\t<\/div>\n\t\t<\/section>\n\t\t\t\t<\/div>\n\t\t","protected":false},"excerpt":{"rendered":"<p>Kontakt Buchungsanfrage Buchungsanfragen k\u00f6nnen gerne direkt an unseren Vorstand gestellt werden: \u00a0 Peter GoldbachTelefon: 06657 \/ 6195E-Mail: info@mv-dipperz.de Interessierte F\u00fcr Interessierte, die selbst Musik spielen m\u00f6chten: Unsere Proben finden dienstags von 20 &#8211; 22 Uhr im B\u00fcrgerhaus Dipperz statt. F\u00fcr Nachwuchsmusiker bieten wir zudem Unterricht&#8230;<\/p>\n","protected":false},"author":1,"featured_media":0,"parent":0,"menu_order":0,"comment_status":"closed","ping_status":"closed","template":"full_width.php","meta":{"footnotes":""},"class_list":["post-56","page","type-page","status-publish","hentry"],"_links":{"self":[{"href":"https:\/\/mv-dipperz.de\/index.php\/wp-json\/wp\/v2\/pages\/56","targetHints":{"allow":["GET"]}}],"collection":[{"href":"https:\/\/mv-dipperz.de\/index.php\/wp-json\/wp\/v2\/pages"}],"about":[{"href":"https:\/\/mv-dipperz.de\/index.php\/wp-json\/wp\/v2\/types\/page"}],"author":[{"embeddable":true,"href":"https:\/\/mv-dipperz.de\/index.php\/wp-json\/wp\/v2\/users\/1"}],"replies":[{"embeddable":true,"href":"https:\/\/mv-dipperz.de\/index.php\/wp-json\/wp\/v2\/comments?post=56"}],"version-history":[{"count":0,"href":"https:\/\/mv-dipperz.de\/index.php\/wp-json\/wp\/v2\/pages\/56\/revisions"}],"wp:attachment":[{"href":"https:\/\/mv-dipperz.de\/index.php\/wp-json\/wp\/v2\/media?parent=56"}],"curies":[{"name":"wp","href":"https:\/\/api.w.org\/{rel}","templated":true}]}}